{"id":4468,"date":"2025-10-06T10:57:04","date_gmt":"2025-10-06T10:57:04","guid":{"rendered":"https:\/\/dansakademian.is\/heim\/?post_type=product&#038;p=4468"},"modified":"2025-12-09T14:01:33","modified_gmt":"2025-12-09T14:01:33","slug":"forpontun-ljosbla-peysa","status":"publish","type":"product","link":"https:\/\/dansakademian.is\/heim\/product\/forpontun-ljosbla-peysa\/","title":{"rendered":"Lj\u00f3sbl\u00e1 peysa \u00e1n hettu"},"content":{"rendered":"<p>\u00deessi litur er panta\u00f0ur \u00ed takm\u00f6rku\u00f0u upplagi og er litur sk\u00f3la\u00e1rsins 2025-2026 og kemur \u00fev\u00ed ekki aftur.<br \/>\nL\u00e9tt og g\u00f3\u00f0 peysa \u00e1n hettu \u00far mj\u00faku efni sem a\u00f0 andar vel. Peysan er \u00far \u00feynnra efni en sv\u00f6rtu og br\u00fanu gallarnir eru \u00ed. <strong>\u00c1\u00e6tla\u00f0 er a\u00f0 sendingin komi undir lok n\u00f3vember og er \u00feetta \u00fev\u00ed tilvalin j\u00f3lagj\u00f6f \ud83d\ude42<\/strong><\/p>\n<ul>\n<li>Barnast\u00e6r\u00f0ir 130-160<\/li>\n<li>Fullor\u00f0insst\u00e6r\u00f0ir S-L (160 barnast\u00e6r\u00f0 er eins og XS fullor\u00f0insst\u00e6r\u00f0)<\/li>\n<\/ul>\n<p>Ath. Jogging buxurnar eru seldar s\u00e9r.<\/p>\n","protected":false},"excerpt":{"rendered":"<p>\u00deessi litur er panta\u00f0ur \u00ed takm\u00f6rku\u00f0u upplagi og er litur sk\u00f3la\u00e1rsins 2025-2026 og kemur \u00fev\u00ed ekki aftur. L\u00e9tt og g\u00f3\u00f0 peysa \u00e1n hettu \u00far mj\u00faku efni sem a\u00f0 andar vel. [&hellip;]<\/p>\n","protected":false},"featured_media":4453,"template":"","meta":{"site-sidebar-layout":"default","site-content-layout":"","ast-site-content-layout":"default","site-content-style":"default","site-sidebar-style":"default","ast-global-header-display":"","ast-banner-title-visibility":"","ast-main-header-display":"","ast-hfb-above-header-display":"","ast-hfb-below-header-display":"","ast-hfb-mobile-header-display":"","site-post-title":"","ast-breadcrumbs-content":"","ast-featured-img":"","footer-sml-layout":"","theme-transparent-header-meta":"default","adv-header-id-meta":"","stick-header-meta":"","header-above-stick-meta":"","header-main-stick-meta":"","header-below-stick-meta":"","astra-migrate-meta-layouts":"set","ast-page-background-enabled":"default","ast-page-background-meta":{"desktop":{"background-color":"var(--ast-global-color-4)","background-image":"","background-repeat":"repeat","background-position":"center center","background-size":"auto","background-attachment":"scroll","background-type":"","background-media":"","overlay-type":"","overlay-color":"","overlay-opacity":"","overlay-gradient":""},"tablet":{"background-color":"","background-image":"","background-repeat":"repeat","background-position":"center center","background-size":"auto","background-attachment":"scroll","background-type":"","background-media":"","overlay-type":"","overlay-color":"","overlay-opacity":"","overlay-gradient":""},"mobile":{"background-color":"","background-image":"","background-repeat":"repeat","background-position":"center center","background-size":"auto","background-attachment":"scroll","background-type":"","background-media":"","overlay-type":"","overlay-color":"","overlay-opacity":"","overlay-gradient":""}},"ast-content-background-meta":{"desktop":{"background-color":"var(--ast-global-color-5)","background-image":"","background-repeat":"repeat","background-position":"center center","background-size":"auto","background-attachment":"scroll","background-type":"","background-media":"","overlay-type":"","overlay-color":"","overlay-opacity":"","overlay-gradient":""},"tablet":{"background-color":"var(--ast-global-color-5)","background-image":"","background-repeat":"repeat","background-position":"center center","background-size":"auto","background-attachment":"scroll","background-type":"","background-media":"","overlay-type":"","overlay-color":"","overlay-opacity":"","overlay-gradient":""},"mobile":{"background-color":"var(--ast-global-color-5)","background-image":"","background-repeat":"repeat","background-position":"center center","background-size":"auto","background-attachment":"scroll","background-type":"","background-media":"","overlay-type":"","overlay-color":"","overlay-opacity":"","overlay-gradient":""}}},"product_brand":[],"product_cat":[17,24,23],"product_tag":[],"class_list":{"0":"post-4468","1":"product","2":"type-product","3":"status-publish","4":"has-post-thumbnail","6":"product_cat-dansfatnadur","7":"product_cat-barna","8":"product_cat-fullordins","9":"desktop-align-left","10":"tablet-align-left","11":"mobile-align-left","13":"first","14":"instock","15":"taxable","16":"shipping-taxable","17":"purchasable","18":"product-type-variable"},"jetpack_sharing_enabled":true,"_links":{"self":[{"href":"https:\/\/dansakademian.is\/heim\/wp-json\/wp\/v2\/product\/4468","targetHints":{"allow":["GET"]}}],"collection":[{"href":"https:\/\/dansakademian.is\/heim\/wp-json\/wp\/v2\/product"}],"about":[{"href":"https:\/\/dansakademian.is\/heim\/wp-json\/wp\/v2\/types\/product"}],"wp:featuredmedia":[{"embeddable":true,"href":"https:\/\/dansakademian.is\/heim\/wp-json\/wp\/v2\/media\/4453"}],"wp:attachment":[{"href":"https:\/\/dansakademian.is\/heim\/wp-json\/wp\/v2\/media?parent=4468"}],"wp:term":[{"taxonomy":"product_brand","embeddable":true,"href":"https:\/\/dansakademian.is\/heim\/wp-json\/wp\/v2\/product_brand?post=4468"},{"taxonomy":"product_cat","embeddable":true,"href":"https:\/\/dansakademian.is\/heim\/wp-json\/wp\/v2\/product_cat?post=4468"},{"taxonomy":"product_tag","embeddable":true,"href":"https:\/\/dansakademian.is\/heim\/wp-json\/wp\/v2\/product_tag?post=4468"}],"curies":[{"name":"wp","href":"https:\/\/api.w.org\/{rel}","templated":true}]}}