{"id":3986,"date":"2024-11-25T11:29:54","date_gmt":"2024-11-25T11:29:54","guid":{"rendered":"https:\/\/dansakademian.is\/heim\/?post_type=product&#038;p=3986"},"modified":"2025-03-14T14:58:46","modified_gmt":"2025-03-14T14:58:46","slug":"langermabolur","status":"publish","type":"product","link":"https:\/\/dansakademian.is\/heim\/product\/langermabolur\/","title":{"rendered":"Langermabolur"},"content":{"rendered":"<p>V\u00ed\u00f0ur langermabolur sem er einstaklega \u00fe\u00e6gilegt a\u00f0 hreyfa sig \u00ed. Efni\u00f0 andar vel, \u00feornar hratt og er mj\u00f6g l\u00e9tt og \u00fe\u00e6gilegt.<\/p>\n<ul>\n<li>Fullor\u00f0insst\u00e6r\u00f0ir S-XL<\/li>\n<\/ul>\n","protected":false},"excerpt":{"rendered":"<p>V\u00ed\u00f0ur langermabolur sem er einstaklega \u00fe\u00e6gilegt a\u00f0 hreyfa sig \u00ed. Efni\u00f0 andar vel, \u00feornar hratt og er mj\u00f6g l\u00e9tt og \u00fe\u00e6gilegt. Fullor\u00f0insst\u00e6r\u00f0ir S-XL<\/p>\n","protected":false},"featured_media":3994,"template":"","meta":{"site-sidebar-layout":"default","site-content-layout":"","ast-site-content-layout":"default","site-content-style":"default","site-sidebar-style":"default","ast-global-header-display":"","ast-banner-title-visibility":"","ast-main-header-display":"","ast-hfb-above-header-display":"","ast-hfb-below-header-display":"","ast-hfb-mobile-header-display":"","site-post-title":"","ast-breadcrumbs-content":"","ast-featured-img":"","footer-sml-layout":"","theme-transparent-header-meta":"default","adv-header-id-meta":"","stick-header-meta":"","header-above-stick-meta":"","header-main-stick-meta":"","header-below-stick-meta":"","astra-migrate-meta-layouts":"set","ast-page-background-enabled":"default","ast-page-background-meta":{"desktop":{"background-color":"var(--ast-global-color-4)","background-image":"","background-repeat":"repeat","background-position":"center center","background-size":"auto","background-attachment":"scroll","background-type":"","background-media":"","overlay-type":"","overlay-color":"","overlay-opacity":"","overlay-gradient":""},"tablet":{"background-color":"","background-image":"","background-repeat":"repeat","background-position":"center center","background-size":"auto","background-attachment":"scroll","background-type":"","background-media":"","overlay-type":"","overlay-color":"","overlay-opacity":"","overlay-gradient":""},"mobile":{"background-color":"","background-image":"","background-repeat":"repeat","background-position":"center center","background-size":"auto","background-attachment":"scroll","background-type":"","background-media":"","overlay-type":"","overlay-color":"","overlay-opacity":"","overlay-gradient":""}},"ast-content-background-meta":{"desktop":{"background-color":"var(--ast-global-color-5)","background-image":"","background-repeat":"repeat","background-position":"center center","background-size":"auto","background-attachment":"scroll","background-type":"","background-media":"","overlay-type":"","overlay-color":"","overlay-opacity":"","overlay-gradient":""},"tablet":{"background-color":"var(--ast-global-color-5)","background-image":"","background-repeat":"repeat","background-position":"center center","background-size":"auto","background-attachment":"scroll","background-type":"","background-media":"","overlay-type":"","overlay-color":"","overlay-opacity":"","overlay-gradient":""},"mobile":{"background-color":"var(--ast-global-color-5)","background-image":"","background-repeat":"repeat","background-position":"center center","background-size":"auto","background-attachment":"scroll","background-type":"","background-media":"","overlay-type":"","overlay-color":"","overlay-opacity":"","overlay-gradient":""}}},"product_brand":[],"product_cat":[17,23],"product_tag":[],"class_list":{"0":"post-3986","1":"product","2":"type-product","3":"status-publish","4":"has-post-thumbnail","6":"product_cat-dansfatnadur","7":"product_cat-fullordins","8":"desktop-align-left","9":"tablet-align-left","10":"mobile-align-left","12":"first","13":"instock","14":"taxable","15":"shipping-taxable","16":"purchasable","17":"product-type-variable"},"jetpack_sharing_enabled":true,"_links":{"self":[{"href":"https:\/\/dansakademian.is\/heim\/wp-json\/wp\/v2\/product\/3986","targetHints":{"allow":["GET"]}}],"collection":[{"href":"https:\/\/dansakademian.is\/heim\/wp-json\/wp\/v2\/product"}],"about":[{"href":"https:\/\/dansakademian.is\/heim\/wp-json\/wp\/v2\/types\/product"}],"wp:featuredmedia":[{"embeddable":true,"href":"https:\/\/dansakademian.is\/heim\/wp-json\/wp\/v2\/media\/3994"}],"wp:attachment":[{"href":"https:\/\/dansakademian.is\/heim\/wp-json\/wp\/v2\/media?parent=3986"}],"wp:term":[{"taxonomy":"product_brand","embeddable":true,"href":"https:\/\/dansakademian.is\/heim\/wp-json\/wp\/v2\/product_brand?post=3986"},{"taxonomy":"product_cat","embeddable":true,"href":"https:\/\/dansakademian.is\/heim\/wp-json\/wp\/v2\/product_cat?post=3986"},{"taxonomy":"product_tag","embeddable":true,"href":"https:\/\/dansakademian.is\/heim\/wp-json\/wp\/v2\/product_tag?post=3986"}],"curies":[{"name":"wp","href":"https:\/\/api.w.org\/{rel}","templated":true}]}}