{"id":3976,"date":"2024-11-25T11:25:48","date_gmt":"2024-11-25T11:25:48","guid":{"rendered":"https:\/\/dansakademian.is\/heim\/?post_type=product&#038;p=3976"},"modified":"2025-12-03T20:58:07","modified_gmt":"2025-12-03T20:58:07","slug":"aefingapeysa","status":"publish","type":"product","link":"https:\/\/dansakademian.is\/heim\/product\/aefingapeysa\/","title":{"rendered":"\u00c6fingapeysa"},"content":{"rendered":"<p>A\u00f0sni\u00f0in rennd peysa \u00far nylon og spandex bl\u00f6ndu. Efni\u00f0 andar vel, \u00feornar hratt, er \u00fe\u00e9tt og heldur vel utan um l\u00edkamann. \u00c1 peysunni eru einnig g\u00f6t fyrir \u00feumla. Vi\u00f0 m\u00e6lum me\u00f0 peysunni \u00ed upphitun \u00e1 \u00f6llum \u00e6fingum \u00fear sem h\u00fan s\u00fdnir l\u00ednur l\u00edkamans vel sem au\u00f0veldar kennara a\u00f0 lagf\u00e6ra l\u00edkamsst\u00f6\u00f0u.<\/p>\n<ul>\n<li>Fullor\u00f0insst\u00e6r\u00f0ir XS-XL<\/li>\n<\/ul>\n","protected":false},"excerpt":{"rendered":"<p>A\u00f0sni\u00f0in rennd peysa \u00far nylon og spandex bl\u00f6ndu. Efni\u00f0 andar vel, \u00feornar hratt, er \u00fe\u00e9tt og heldur vel utan um l\u00edkamann. \u00c1 peysunni eru einnig g\u00f6t fyrir \u00feumla. Vi\u00f0 m\u00e6lum [&hellip;]<\/p>\n","protected":false},"featured_media":3992,"template":"","meta":{"site-sidebar-layout":"default","site-content-layout":"","ast-site-content-layout":"default","site-content-style":"default","site-sidebar-style":"default","ast-global-header-display":"","ast-banner-title-visibility":"","ast-main-header-display":"","ast-hfb-above-header-display":"","ast-hfb-below-header-display":"","ast-hfb-mobile-header-display":"","site-post-title":"","ast-breadcrumbs-content":"","ast-featured-img":"","footer-sml-layout":"","theme-transparent-header-meta":"default","adv-header-id-meta":"","stick-header-meta":"","header-above-stick-meta":"","header-main-stick-meta":"","header-below-stick-meta":"","astra-migrate-meta-layouts":"set","ast-page-background-enabled":"default","ast-page-background-meta":{"desktop":{"background-color":"var(--ast-global-color-4)","background-image":"","background-repeat":"repeat","background-position":"center center","background-size":"auto","background-attachment":"scroll","background-type":"","background-media":"","overlay-type":"","overlay-color":"","overlay-opacity":"","overlay-gradient":""},"tablet":{"background-color":"","background-image":"","background-repeat":"repeat","background-position":"center center","background-size":"auto","background-attachment":"scroll","background-type":"","background-media":"","overlay-type":"","overlay-color":"","overlay-opacity":"","overlay-gradient":""},"mobile":{"background-color":"","background-image":"","background-repeat":"repeat","background-position":"center center","background-size":"auto","background-attachment":"scroll","background-type":"","background-media":"","overlay-type":"","overlay-color":"","overlay-opacity":"","overlay-gradient":""}},"ast-content-background-meta":{"desktop":{"background-color":"var(--ast-global-color-5)","background-image":"","background-repeat":"repeat","background-position":"center center","background-size":"auto","background-attachment":"scroll","background-type":"","background-media":"","overlay-type":"","overlay-color":"","overlay-opacity":"","overlay-gradient":""},"tablet":{"background-color":"var(--ast-global-color-5)","background-image":"","background-repeat":"repeat","background-position":"center center","background-size":"auto","background-attachment":"scroll","background-type":"","background-media":"","overlay-type":"","overlay-color":"","overlay-opacity":"","overlay-gradient":""},"mobile":{"background-color":"var(--ast-global-color-5)","background-image":"","background-repeat":"repeat","background-position":"center center","background-size":"auto","background-attachment":"scroll","background-type":"","background-media":"","overlay-type":"","overlay-color":"","overlay-opacity":"","overlay-gradient":""}}},"product_brand":[],"product_cat":[17,23],"product_tag":[],"class_list":{"0":"post-3976","1":"product","2":"type-product","3":"status-publish","4":"has-post-thumbnail","6":"product_cat-dansfatnadur","7":"product_cat-fullordins","8":"desktop-align-left","9":"tablet-align-left","10":"mobile-align-left","12":"first","13":"instock","14":"taxable","15":"shipping-taxable","16":"purchasable","17":"product-type-variable"},"jetpack_sharing_enabled":true,"_links":{"self":[{"href":"https:\/\/dansakademian.is\/heim\/wp-json\/wp\/v2\/product\/3976","targetHints":{"allow":["GET"]}}],"collection":[{"href":"https:\/\/dansakademian.is\/heim\/wp-json\/wp\/v2\/product"}],"about":[{"href":"https:\/\/dansakademian.is\/heim\/wp-json\/wp\/v2\/types\/product"}],"wp:featuredmedia":[{"embeddable":true,"href":"https:\/\/dansakademian.is\/heim\/wp-json\/wp\/v2\/media\/3992"}],"wp:attachment":[{"href":"https:\/\/dansakademian.is\/heim\/wp-json\/wp\/v2\/media?parent=3976"}],"wp:term":[{"taxonomy":"product_brand","embeddable":true,"href":"https:\/\/dansakademian.is\/heim\/wp-json\/wp\/v2\/product_brand?post=3976"},{"taxonomy":"product_cat","embeddable":true,"href":"https:\/\/dansakademian.is\/heim\/wp-json\/wp\/v2\/product_cat?post=3976"},{"taxonomy":"product_tag","embeddable":true,"href":"https:\/\/dansakademian.is\/heim\/wp-json\/wp\/v2\/product_tag?post=3976"}],"curies":[{"name":"wp","href":"https:\/\/api.w.org\/{rel}","templated":true}]}}