{"id":3627,"date":"2024-08-23T09:40:38","date_gmt":"2024-08-23T09:40:38","guid":{"rendered":"https:\/\/dansakademian.is\/heim\/?post_type=product&#038;p=3627"},"modified":"2026-01-26T09:41:56","modified_gmt":"2026-01-26T09:41:56","slug":"forpontun-danssokkar","status":"publish","type":"product","link":"https:\/\/dansakademian.is\/heim\/product\/forpontun-danssokkar\/","title":{"rendered":"FORP\u00d6NTUN &#8211; Danssokkar"},"content":{"rendered":"<p>Danssokkar eru me\u00f0 gripi og veita stu\u00f0ning og a\u00f0hald \u00e1 r\u00e9ttum st\u00f6\u00f0um. H\u00e6gt er a\u00f0 velja um h\u00e1a e\u00f0a l\u00e1ga sokka. St\u00e6r\u00f0irnar eru:<br \/>\nXS = 34.5-36<br \/>\nS = 36.5-38<br \/>\nM = 38.5-40<br \/>\nL = 40.5-42<\/p>\n<p><strong>N\u00e6sta p\u00f6ntun er 2.febr\u00faar, panta \u00fearf fyrir 23:59 \u00feann 1.febr\u00faar.<\/strong> Haft ver\u00f0ur samband \u00feegar p\u00f6ntunardagsetning n\u00e1lgast me\u00f0 uppl\u00fdsingum og hvort st\u00e6r\u00f0in s\u00e9 f\u00e1anleg. Afhendingart\u00edmi getur teki\u00f0 5-10 virka daga fr\u00e1 17.n\u00f3vember.<\/p>\n","protected":false},"excerpt":{"rendered":"<p>Danssokkar eru me\u00f0 gripi og veita stu\u00f0ning og a\u00f0hald \u00e1 r\u00e9ttum st\u00f6\u00f0um. H\u00e6gt er a\u00f0 velja um h\u00e1a e\u00f0a l\u00e1ga sokka. St\u00e6r\u00f0irnar eru: XS = 34.5-36 S = 36.5-38 M [&hellip;]<\/p>\n","protected":false},"featured_media":3677,"template":"","meta":{"site-sidebar-layout":"default","site-content-layout":"","ast-site-content-layout":"default","site-content-style":"default","site-sidebar-style":"default","ast-global-header-display":"","ast-banner-title-visibility":"","ast-main-header-display":"","ast-hfb-above-header-display":"","ast-hfb-below-header-display":"","ast-hfb-mobile-header-display":"","site-post-title":"","ast-breadcrumbs-content":"","ast-featured-img":"","footer-sml-layout":"","theme-transparent-header-meta":"default","adv-header-id-meta":"","stick-header-meta":"","header-above-stick-meta":"","header-main-stick-meta":"","header-below-stick-meta":"","astra-migrate-meta-layouts":"set","ast-page-background-enabled":"default","ast-page-background-meta":{"desktop":{"background-color":"var(--ast-global-color-4)","background-image":"","background-repeat":"repeat","background-position":"center center","background-size":"auto","background-attachment":"scroll","background-type":"","background-media":"","overlay-type":"","overlay-color":"","overlay-opacity":"","overlay-gradient":""},"tablet":{"background-color":"","background-image":"","background-repeat":"repeat","background-position":"center center","background-size":"auto","background-attachment":"scroll","background-type":"","background-media":"","overlay-type":"","overlay-color":"","overlay-opacity":"","overlay-gradient":""},"mobile":{"background-color":"","background-image":"","background-repeat":"repeat","background-position":"center center","background-size":"auto","background-attachment":"scroll","background-type":"","background-media":"","overlay-type":"","overlay-color":"","overlay-opacity":"","overlay-gradient":""}},"ast-content-background-meta":{"desktop":{"background-color":"var(--ast-global-color-5)","background-image":"","background-repeat":"repeat","background-position":"center center","background-size":"auto","background-attachment":"scroll","background-type":"","background-media":"","overlay-type":"","overlay-color":"","overlay-opacity":"","overlay-gradient":""},"tablet":{"background-color":"var(--ast-global-color-5)","background-image":"","background-repeat":"repeat","background-position":"center center","background-size":"auto","background-attachment":"scroll","background-type":"","background-media":"","overlay-type":"","overlay-color":"","overlay-opacity":"","overlay-gradient":""},"mobile":{"background-color":"var(--ast-global-color-5)","background-image":"","background-repeat":"repeat","background-position":"center center","background-size":"auto","background-attachment":"scroll","background-type":"","background-media":"","overlay-type":"","overlay-color":"","overlay-opacity":"","overlay-gradient":""}}},"product_brand":[],"product_cat":[24,22,23],"product_tag":[],"class_list":{"0":"post-3627","1":"product","2":"type-product","3":"status-publish","4":"has-post-thumbnail","6":"product_cat-barna","7":"product_cat-dansskor","8":"product_cat-fullordins","9":"desktop-align-left","10":"tablet-align-left","11":"mobile-align-left","13":"first","14":"instock","15":"taxable","16":"shipping-taxable","17":"purchasable","18":"product-type-variable"},"jetpack_sharing_enabled":true,"_links":{"self":[{"href":"https:\/\/dansakademian.is\/heim\/wp-json\/wp\/v2\/product\/3627","targetHints":{"allow":["GET"]}}],"collection":[{"href":"https:\/\/dansakademian.is\/heim\/wp-json\/wp\/v2\/product"}],"about":[{"href":"https:\/\/dansakademian.is\/heim\/wp-json\/wp\/v2\/types\/product"}],"wp:featuredmedia":[{"embeddable":true,"href":"https:\/\/dansakademian.is\/heim\/wp-json\/wp\/v2\/media\/3677"}],"wp:attachment":[{"href":"https:\/\/dansakademian.is\/heim\/wp-json\/wp\/v2\/media?parent=3627"}],"wp:term":[{"taxonomy":"product_brand","embeddable":true,"href":"https:\/\/dansakademian.is\/heim\/wp-json\/wp\/v2\/product_brand?post=3627"},{"taxonomy":"product_cat","embeddable":true,"href":"https:\/\/dansakademian.is\/heim\/wp-json\/wp\/v2\/product_cat?post=3627"},{"taxonomy":"product_tag","embeddable":true,"href":"https:\/\/dansakademian.is\/heim\/wp-json\/wp\/v2\/product_tag?post=3627"}],"curies":[{"name":"wp","href":"https:\/\/api.w.org\/{rel}","templated":true}]}}