{"id":3443,"date":"2024-08-14T13:50:27","date_gmt":"2024-08-14T13:50:27","guid":{"rendered":"https:\/\/dansakademian.is\/heim\/?post_type=product&#038;p=3443"},"modified":"2025-11-11T22:30:27","modified_gmt":"2025-11-11T22:30:27","slug":"stuttermabolur-barna","status":"publish","type":"product","link":"https:\/\/dansakademian.is\/heim\/product\/stuttermabolur-barna\/","title":{"rendered":"Barna &#8222;Crop Top&#8220;"},"content":{"rendered":"<p>Barna stuttermabolurinn er \u00ed &#8222;crop top&#8220; sni\u00f0i \u00far nylon og spandex bl\u00f6ndu. Efni\u00f0 andar vel, \u00feornar hratt, er l\u00e9tt og hamlar ekki hreyfingum. Bolurinn er styttri a\u00f0 framan og s\u00ed\u00f0ari a\u00f0 aftan og er flottur vi\u00f0 upph\u00e1ar stuttbuxur e\u00f0a \u00ed\u00fer\u00f3ttabuxur.<\/p>\n<ul>\n<li>Barnast\u00e6r\u00f0ir 120-150<\/li>\n<\/ul>\n","protected":false},"excerpt":{"rendered":"<p>Barna stuttermabolurinn er \u00ed &#8222;crop top&#8220; sni\u00f0i \u00far nylon og spandex bl\u00f6ndu. Efni\u00f0 andar vel, \u00feornar hratt, er l\u00e9tt og hamlar ekki hreyfingum. Bolurinn er styttri a\u00f0 framan og s\u00ed\u00f0ari [&hellip;]<\/p>\n","protected":false},"featured_media":3377,"template":"","meta":{"site-sidebar-layout":"default","site-content-layout":"","ast-site-content-layout":"default","site-content-style":"default","site-sidebar-style":"default","ast-global-header-display":"","ast-banner-title-visibility":"","ast-main-header-display":"","ast-hfb-above-header-display":"","ast-hfb-below-header-display":"","ast-hfb-mobile-header-display":"","site-post-title":"","ast-breadcrumbs-content":"","ast-featured-img":"","footer-sml-layout":"","theme-transparent-header-meta":"default","adv-header-id-meta":"","stick-header-meta":"","header-above-stick-meta":"","header-main-stick-meta":"","header-below-stick-meta":"","astra-migrate-meta-layouts":"set","ast-page-background-enabled":"default","ast-page-background-meta":{"desktop":{"background-color":"var(--ast-global-color-4)","background-image":"","background-repeat":"repeat","background-position":"center center","background-size":"auto","background-attachment":"scroll","background-type":"","background-media":"","overlay-type":"","overlay-color":"","overlay-opacity":"","overlay-gradient":""},"tablet":{"background-color":"","background-image":"","background-repeat":"repeat","background-position":"center center","background-size":"auto","background-attachment":"scroll","background-type":"","background-media":"","overlay-type":"","overlay-color":"","overlay-opacity":"","overlay-gradient":""},"mobile":{"background-color":"","background-image":"","background-repeat":"repeat","background-position":"center center","background-size":"auto","background-attachment":"scroll","background-type":"","background-media":"","overlay-type":"","overlay-color":"","overlay-opacity":"","overlay-gradient":""}},"ast-content-background-meta":{"desktop":{"background-color":"var(--ast-global-color-5)","background-image":"","background-repeat":"repeat","background-position":"center center","background-size":"auto","background-attachment":"scroll","background-type":"","background-media":"","overlay-type":"","overlay-color":"","overlay-opacity":"","overlay-gradient":""},"tablet":{"background-color":"var(--ast-global-color-5)","background-image":"","background-repeat":"repeat","background-position":"center center","background-size":"auto","background-attachment":"scroll","background-type":"","background-media":"","overlay-type":"","overlay-color":"","overlay-opacity":"","overlay-gradient":""},"mobile":{"background-color":"var(--ast-global-color-5)","background-image":"","background-repeat":"repeat","background-position":"center center","background-size":"auto","background-attachment":"scroll","background-type":"","background-media":"","overlay-type":"","overlay-color":"","overlay-opacity":"","overlay-gradient":""}}},"product_brand":[],"product_cat":[17,24],"product_tag":[],"class_list":{"0":"post-3443","1":"product","2":"type-product","3":"status-publish","4":"has-post-thumbnail","6":"product_cat-dansfatnadur","7":"product_cat-barna","8":"desktop-align-left","9":"tablet-align-left","10":"mobile-align-left","12":"first","13":"instock","14":"taxable","15":"shipping-taxable","16":"purchasable","17":"product-type-variable"},"jetpack_sharing_enabled":true,"_links":{"self":[{"href":"https:\/\/dansakademian.is\/heim\/wp-json\/wp\/v2\/product\/3443","targetHints":{"allow":["GET"]}}],"collection":[{"href":"https:\/\/dansakademian.is\/heim\/wp-json\/wp\/v2\/product"}],"about":[{"href":"https:\/\/dansakademian.is\/heim\/wp-json\/wp\/v2\/types\/product"}],"wp:featuredmedia":[{"embeddable":true,"href":"https:\/\/dansakademian.is\/heim\/wp-json\/wp\/v2\/media\/3377"}],"wp:attachment":[{"href":"https:\/\/dansakademian.is\/heim\/wp-json\/wp\/v2\/media?parent=3443"}],"wp:term":[{"taxonomy":"product_brand","embeddable":true,"href":"https:\/\/dansakademian.is\/heim\/wp-json\/wp\/v2\/product_brand?post=3443"},{"taxonomy":"product_cat","embeddable":true,"href":"https:\/\/dansakademian.is\/heim\/wp-json\/wp\/v2\/product_cat?post=3443"},{"taxonomy":"product_tag","embeddable":true,"href":"https:\/\/dansakademian.is\/heim\/wp-json\/wp\/v2\/product_tag?post=3443"}],"curies":[{"name":"wp","href":"https:\/\/api.w.org\/{rel}","templated":true}]}}